{"id":497,"date":"2019-02-28T09:50:21","date_gmt":"2019-02-28T08:50:21","guid":{"rendered":"http:\/\/www.drweinert.com\/english\/?page_id=497"},"modified":"2019-07-03T14:19:28","modified_gmt":"2019-07-03T12:19:28","slug":"wissenschaftlich-belegt","status":"publish","type":"page","link":"https:\/\/www.drweinert.com\/english\/process-communication-model\/wissenschaftlich-belegt\/","title":{"rendered":"Wissenschaftlich belegt"},"content":{"rendered":"\t\t<div data-elementor-type=\"wp-post\" data-elementor-id=\"497\" class=\"elementor elementor-497\" data-elementor-post-type=\"page\">\n\t\t\t\t\t\t<section class=\"has_eae_slider elementor-section elementor-top-section elementor-element elementor-element-a6cfd96 elementor-section-boxed elementor-section-height-default elementor-section-height-default\" data-eae-slider=\"95496\" data-id=\"a6cfd96\" data-element_type=\"section\" data-e-type=\"section\">\n\t\t\t\t\t\t<div class=\"elementor-container elementor-column-gap-default\">\n\t\t\t\t\t<div class=\"has_eae_slider elementor-column elementor-col-100 elementor-top-column elementor-element elementor-element-adabe54\" data-eae-slider=\"80121\" data-id=\"adabe54\" data-element_type=\"column\" data-e-type=\"column\">\n\t\t\t<div class=\"elementor-widget-wrap elementor-element-populated\">\n\t\t\t\t\t\t<div class=\"elementor-element elementor-element-06bb78d elementor-widget elementor-widget-heading\" data-id=\"06bb78d\" data-element_type=\"widget\" data-e-type=\"widget\" data-widget_type=\"heading.default\">\n\t\t\t\t<div class=\"elementor-widget-container\">\n\t\t\t\t\t<h2 class=\"elementor-heading-title elementor-size-default\">Taibi Kahler, PhD, Process Communication Model\u00ae<\/h2>\t\t\t\t<\/div>\n\t\t\t\t<\/div>\n\t\t\t\t<div class=\"elementor-element elementor-element-d41b939 elementor-widget elementor-widget-image\" data-id=\"d41b939\" data-element_type=\"widget\" data-e-type=\"widget\" data-widget_type=\"image.default\">\n\t\t\t\t<div class=\"elementor-widget-container\">\n\t\t\t\t\t\t\t\t\t\t\t\t\t\t\t<img fetchpriority=\"high\" decoding=\"async\" width=\"1024\" height=\"715\" src=\"https:\/\/www.drweinert.com\/inhalt\/uploads\/sites\/5\/2019\/03\/wissenschaftlich-1024x715.jpg\" class=\"attachment-large size-large wp-image-680\" alt=\"\" srcset=\"https:\/\/www.drweinert.com\/inhalt\/uploads\/sites\/5\/2019\/03\/wissenschaftlich-1024x715.jpg 1024w, https:\/\/www.drweinert.com\/inhalt\/uploads\/sites\/5\/2019\/03\/wissenschaftlich-300x209.jpg 300w, https:\/\/www.drweinert.com\/inhalt\/uploads\/sites\/5\/2019\/03\/wissenschaftlich-768x536.jpg 768w, https:\/\/www.drweinert.com\/inhalt\/uploads\/sites\/5\/2019\/03\/wissenschaftlich.jpg 1120w\" sizes=\"(max-width: 1024px) 100vw, 1024px\" \/>\t\t\t\t\t\t\t\t\t\t\t\t\t\t\t<\/div>\n\t\t\t\t<\/div>\n\t\t\t\t<div class=\"elementor-element elementor-element-f6a17fa elementor-widget elementor-widget-text-editor\" data-id=\"f6a17fa\" data-element_type=\"widget\" data-e-type=\"widget\" data-widget_type=\"text-editor.default\">\n\t\t\t\t<div class=\"elementor-widget-container\">\n\t\t\t\t\t\t\t\t\t<div class=\"rich_editor_text\"><p>Das Process Communication Model\u00ae (PCM) wurde von Dr. Taibi Kahler entwickelt und wird seitdem weltweit in Bereichen des Managements, Betrieblichen Gesundheitsmanagements, der Medizin, Politik, Luftfahrt, NASA, im Nahverkehr und in Schulen erfolgreich angewendet. Von der NASA wird es als Bestandteil im Auswahl- und Trainingsprogramm der Astronauten eingesetzt.<\/p><p><strong>Dr. Taibi Kahler<\/strong>\u00a0promovierte an der Purdue Universit\u00e4t und ist anerkannt als klinischer Psychologe. Er hat mit dem Prozess Communication Model\u00ae ein wertvolles Werkzeug entwickelt, welches F\u00fchrungskr\u00e4ften erm\u00f6glicht, Probleme schnell einzusch\u00e4tzen und Voraussagen \u00fcber die Erfolgswahrscheinlichkeit von L\u00f6sungsans\u00e4tzen zu machen.<\/p><p>Im Jahr 1977 \u00fcberreichte ihm die Internationale Gesellschaft f\u00fcr Transaktionsanalyse (ITAA) den Eric Berne Wissenschaftspreis. ITAA, eine Vereinigung mit 10\u2019000 Mitgliedern aus 52 L\u00e4ndern, w\u00fcrdigte Kahlers bahnbrechenden Artikel \u201edas Miniscript\u201c.<\/p><p>Ebenso lud der psychiatrische Berater der NASA, Dr. Terry McGuire, Dr. Taibi Kahler ein, als interviewender Psychologe zu fungieren. Somit wurde Kahlers Kommunikations-und Teamaufbau-Modell PCM in der Folge ein Bestandteil im Auswahl-und Trainingsprogramm der NASA-Astronauten.<\/p><p>In einer durch die NASA unterst\u00fctzten Studie aus dem Jahr 1990 wurde das Process Communication Model\u00ae mit dem Myers-Briggs Typenindikator (MBTI) verglichen. Die Studie zeigte, dass die Prozesskommunikation nach Dr. Taibi Kahler weitaus praxisn\u00e4her und leichter einsetzbar ist. Insbesondere die Identifikation psychologischer Bed\u00fcrfnisse, die Vorhersagbarkeit von Di-Stress-Mustern und die Kompatibilit\u00e4t mit anderen Modellen sorgten f\u00fcr die \u00dcberlegenheit von PCM.<\/p><p>Als Gastredner tritt Dr. Taibi Kahler auf zahlreiche internationaler Kongressen auf, hat mehrere B\u00fccher publiziert und \u00fcber 40 Artikel f\u00fcr Fachzeitschriften geschrieben.<\/p><p>Dr. Taibi Kahler, Berater und Freund des ehemaligen US Pr\u00e4sidenten Clinton, und hat mit dem Process Communication Model beratend die Entwicklung dessen Wahlkampagnen erfolgreich unterst\u00fctzt.<\/p><h3>Weiterf\u00fchrende Information<\/h3><p>erhalten Sie auf\u00a0<a title=\"Kahler Communications, Inc.\" href=\"https:\/\/www.kahlercommunications.com\/index.html\" target=\"_blank\" rel=\"noopener\">Kahler Communications, Inc.<\/a><\/p><p>Unser Team von\u00a0<strong>Dr. Weinert Communications<\/strong>\u00a0informiert Sie gerne pers\u00f6nlich zu unseren\u00a0<a title=\"PCM Kommunikationstraining\" href=\"https:\/\/www.drweinert.com\/leistungsspektrum\/dr-weinert-seminare\/\">\u00a0Process Communication Model\u00ae\u00a0Seminaren<\/a>\u00a0in Deutschland.<\/p><p>Nehmen Sie mit uns\u00a0<a href=\"https:\/\/www.drweinert.com\/kontakt\/\">Kontakt<\/a>\u00a0auf, wir freuen uns, Sie beraten zu k\u00f6nnen.<\/p><\/div>\t\t\t\t\t\t\t\t<\/div>\n\t\t\t\t<\/div>\n\t\t\t\t\t<\/div>\n\t\t<\/div>\n\t\t\t\t\t<\/div>\n\t\t<\/section>\n\t\t\t\t<\/div>\n\t\t","protected":false},"excerpt":{"rendered":"<p>Taibi Kahler, PhD, Process Communication Model\u00ae Das Process Communication Model\u00ae (PCM) wurde von Dr. Taibi Kahler entwickelt und wird seitdem weltweit in Bereichen des Managements, Betrieblichen Gesundheitsmanagements, der Medizin, Politik, Luftfahrt, NASA, im Nahverkehr und in Schulen erfolgreich angewendet. Von der NASA wird es als Bestandteil im Auswahl- und Trainingsprogramm der Astronauten eingesetzt. Dr. Taibi [&hellip;]<\/p>\n","protected":false},"author":5,"featured_media":0,"parent":491,"menu_order":0,"comment_status":"closed","ping_status":"closed","template":"","meta":{"content-type":"","site-sidebar-layout":"no-sidebar","site-content-layout":"page-builder","ast-site-content-layout":"default","site-content-style":"default","site-sidebar-style":"default","ast-global-header-display":"","ast-banner-title-visibility":"","ast-main-header-display":"","ast-hfb-above-header-display":"","ast-hfb-below-header-display":"","ast-hfb-mobile-header-display":"","site-post-title":"disabled","ast-breadcrumbs-content":"","ast-featured-img":"disabled","footer-sml-layout":"","ast-disable-related-posts":"","theme-transparent-header-meta":"default","adv-header-id-meta":"","stick-header-meta":"","header-above-stick-meta":"","header-main-stick-meta":"","header-below-stick-meta":"","astra-migrate-meta-layouts":"default","ast-page-background-enabled":"default","ast-page-background-meta":{"desktop":{"background-color":"","background-image":"","background-repeat":"repeat","background-position":"center center","background-size":"auto","background-attachment":"scroll","background-type":"","background-media":"","overlay-type":"","overlay-color":"","overlay-opacity":"","overlay-gradient":""},"tablet":{"background-color":"","background-image":"","background-repeat":"repeat","background-position":"center center","background-size":"auto","background-attachment":"scroll","background-type":"","background-media":"","overlay-type":"","overlay-color":"","overlay-opacity":"","overlay-gradient":""},"mobile":{"background-color":"","background-image":"","background-repeat":"repeat","background-position":"center center","background-size":"auto","background-attachment":"scroll","background-type":"","background-media":"","overlay-type":"","overlay-color":"","overlay-opacity":"","overlay-gradient":""}},"ast-content-background-meta":{"desktop":{"background-color":"var(--ast-global-color-5)","background-image":"","background-repeat":"repeat","background-position":"center center","background-size":"auto","background-attachment":"scroll","background-type":"","background-media":"","overlay-type":"","overlay-color":"","overlay-opacity":"","overlay-gradient":""},"tablet":{"background-color":"var(--ast-global-color-5)","background-image":"","background-repeat":"repeat","background-position":"center center","background-size":"auto","background-attachment":"scroll","background-type":"","background-media":"","overlay-type":"","overlay-color":"","overlay-opacity":"","overlay-gradient":""},"mobile":{"background-color":"var(--ast-global-color-5)","background-image":"","background-repeat":"repeat","background-position":"center center","background-size":"auto","background-attachment":"scroll","background-type":"","background-media":"","overlay-type":"","overlay-color":"","overlay-opacity":"","overlay-gradient":""}},"footnotes":""},"class_list":["post-497","page","type-page","status-publish","hentry"],"_links":{"self":[{"href":"https:\/\/www.drweinert.com\/english\/wp-json\/wp\/v2\/pages\/497","targetHints":{"allow":["GET"]}}],"collection":[{"href":"https:\/\/www.drweinert.com\/english\/wp-json\/wp\/v2\/pages"}],"about":[{"href":"https:\/\/www.drweinert.com\/english\/wp-json\/wp\/v2\/types\/page"}],"author":[{"embeddable":true,"href":"https:\/\/www.drweinert.com\/english\/wp-json\/wp\/v2\/users\/5"}],"replies":[{"embeddable":true,"href":"https:\/\/www.drweinert.com\/english\/wp-json\/wp\/v2\/comments?post=497"}],"version-history":[{"count":4,"href":"https:\/\/www.drweinert.com\/english\/wp-json\/wp\/v2\/pages\/497\/revisions"}],"predecessor-version":[{"id":1092,"href":"https:\/\/www.drweinert.com\/english\/wp-json\/wp\/v2\/pages\/497\/revisions\/1092"}],"up":[{"embeddable":true,"href":"https:\/\/www.drweinert.com\/english\/wp-json\/wp\/v2\/pages\/491"}],"wp:attachment":[{"href":"https:\/\/www.drweinert.com\/english\/wp-json\/wp\/v2\/media?parent=497"}],"curies":[{"name":"wp","href":"https:\/\/api.w.org\/{rel}","templated":true}]}}