{"id":468,"date":"2019-02-28T09:33:23","date_gmt":"2019-02-28T08:33:23","guid":{"rendered":"http:\/\/www.drweinert.com\/english\/?page_id=468"},"modified":"2023-05-06T11:48:44","modified_gmt":"2023-05-06T09:48:44","slug":"dr-mark-weinert","status":"publish","type":"page","link":"https:\/\/www.drweinert.com\/english\/ueber-uns\/dr-mark-weinert\/","title":{"rendered":"Dr. Mark Weinert"},"content":{"rendered":"\t\t<div data-elementor-type=\"wp-post\" data-elementor-id=\"468\" class=\"elementor elementor-468\" data-elementor-post-type=\"page\">\n\t\t\t\t\t\t<section class=\"has_eae_slider elementor-section elementor-top-section elementor-element elementor-element-b23911a elementor-section-boxed elementor-section-height-default elementor-section-height-default\" data-eae-slider=\"52388\" data-id=\"b23911a\" data-element_type=\"section\" data-e-type=\"section\">\n\t\t\t\t\t\t<div class=\"elementor-container elementor-column-gap-default\">\n\t\t\t\t\t<div class=\"has_eae_slider elementor-column elementor-col-100 elementor-top-column elementor-element elementor-element-8bc14a9\" data-eae-slider=\"36731\" data-id=\"8bc14a9\" data-element_type=\"column\" data-e-type=\"column\">\n\t\t\t<div class=\"elementor-widget-wrap elementor-element-populated\">\n\t\t\t\t\t\t<div class=\"elementor-element elementor-element-d70319b elementor-widget elementor-widget-heading\" data-id=\"d70319b\" data-element_type=\"widget\" data-e-type=\"widget\" data-widget_type=\"heading.default\">\n\t\t\t\t<div class=\"elementor-widget-container\">\n\t\t\t\t\t<h2 class=\"elementor-heading-title elementor-size-default\">Dr. Mark Weinert, D.E.S.A. \u2013 Dr. Weinert Communications<\/h2>\t\t\t\t<\/div>\n\t\t\t\t<\/div>\n\t\t\t\t<section class=\"has_eae_slider elementor-section elementor-inner-section elementor-element elementor-element-398444e elementor-section-boxed elementor-section-height-default elementor-section-height-default\" data-eae-slider=\"4497\" data-id=\"398444e\" data-element_type=\"section\" data-e-type=\"section\">\n\t\t\t\t\t\t<div class=\"elementor-container elementor-column-gap-default\">\n\t\t\t\t\t<div class=\"has_eae_slider elementor-column elementor-col-33 elementor-inner-column elementor-element elementor-element-d9b4a4f\" data-eae-slider=\"99870\" data-id=\"d9b4a4f\" data-element_type=\"column\" data-e-type=\"column\">\n\t\t\t<div class=\"elementor-widget-wrap elementor-element-populated\">\n\t\t\t\t\t\t<div class=\"elementor-element elementor-element-45561a6 elementor-widget elementor-widget-image\" data-id=\"45561a6\" data-element_type=\"widget\" data-e-type=\"widget\" data-widget_type=\"image.default\">\n\t\t\t\t<div class=\"elementor-widget-container\">\n\t\t\t\t\t\t\t\t\t\t\t\t\t\t\t<img fetchpriority=\"high\" decoding=\"async\" width=\"703\" height=\"978\" src=\"https:\/\/www.drweinert.com\/inhalt\/uploads\/sites\/5\/2023\/05\/Dr-Mark-Weinert.jpg\" class=\"attachment-large size-large wp-image-1315\" alt=\"\" srcset=\"https:\/\/www.drweinert.com\/inhalt\/uploads\/sites\/5\/2023\/05\/Dr-Mark-Weinert.jpg 703w, https:\/\/www.drweinert.com\/inhalt\/uploads\/sites\/5\/2023\/05\/Dr-Mark-Weinert-216x300.jpg 216w\" sizes=\"(max-width: 703px) 100vw, 703px\" \/>\t\t\t\t\t\t\t\t\t\t\t\t\t\t\t<\/div>\n\t\t\t\t<\/div>\n\t\t\t\t\t<\/div>\n\t\t<\/div>\n\t\t\t\t<div class=\"has_eae_slider elementor-column elementor-col-66 elementor-inner-column elementor-element elementor-element-7fffcc9\" data-eae-slider=\"67560\" data-id=\"7fffcc9\" data-element_type=\"column\" data-e-type=\"column\">\n\t\t\t<div class=\"elementor-widget-wrap elementor-element-populated\">\n\t\t\t\t\t\t<div class=\"elementor-element elementor-element-c85d049 elementor-widget elementor-widget-text-editor\" data-id=\"c85d049\" data-element_type=\"widget\" data-e-type=\"widget\" data-widget_type=\"text-editor.default\">\n\t\t\t\t<div class=\"elementor-widget-container\">\n\t\t\t\t\t\t\t\t\t<div class=\"img-weinert\"><p class=\"p2\"><strong>Dr Mark Weinert \u2013 Process Communication Model<\/strong><sup>\u00ae<\/sup><\/p><p class=\"p2\"><strong>trainer<\/strong><\/p><p class=\"p2\">\u201cTraining leaders and Teams for optimal performance is my mission!\u201c<\/p><p class=\"p3\">\u201eComing from a background as a consultant of Anaesthesia, and my interest in patient safety, I made a fellowship in New Zealand for medical simulation.\u00a0 This is where I became a simulation and communication trainer. (EMAC \u2013 Instructor und PCM<sup>\u00ae<\/sup>&#8211; Provider)\u201c<\/p><p><img decoding=\"async\" class=\"alignnone  wp-image-1069\" src=\"https:\/\/www.drweinert.com\/inhalt\/uploads\/sites\/5\/2019\/07\/APS-300x121.png\" alt=\"\" width=\"211\" height=\"85\" srcset=\"https:\/\/www.drweinert.com\/inhalt\/uploads\/sites\/5\/2019\/07\/APS-300x121.png 300w, https:\/\/www.drweinert.com\/inhalt\/uploads\/sites\/5\/2019\/07\/APS-768x310.png 768w, https:\/\/www.drweinert.com\/inhalt\/uploads\/sites\/5\/2019\/07\/APS.png 1018w\" sizes=\"(max-width: 211px) 100vw, 211px\" \/><\/p><\/div>\t\t\t\t\t\t\t\t<\/div>\n\t\t\t\t<\/div>\n\t\t\t\t\t<\/div>\n\t\t<\/div>\n\t\t\t\t\t<\/div>\n\t\t<\/section>\n\t\t\t\t<div class=\"elementor-element elementor-element-7620b78 elementor-widget elementor-widget-text-editor\" data-id=\"7620b78\" data-element_type=\"widget\" data-e-type=\"widget\" data-widget_type=\"text-editor.default\">\n\t\t\t\t<div class=\"elementor-widget-container\">\n\t\t\t\t\t\t\t\t\t<h3>Dr. med. Mark Weinert, D.E.S.A.<\/h3><p class=\"p3\"><strong>Dr. Mark Weinert is involved in and committed to patient safety and doctor patient communication. He is a member of or involved in the follwoing organisations:<\/strong><\/p><ul class=\"ul1\"><li class=\"li7\">APS Aktionsb\u00fcndnis Patientensicherheit<\/li><li class=\"li7\">Menschen in komplexen Arbeitswelten e. V.<\/li><li class=\"li7\">(DGSiM) Deutsche Gesellschaft f\u00fcr Simulation in der Medizin<\/li><li class=\"li7\">DGAI (Deutsche Gesellschaft f\u00fcr An\u00e4sthesie und Intensivmedizin)<\/li><li class=\"li7\">BDA (Bund Deutscher An\u00e4sthesisten)<\/li><li class=\"li7\">ESA (European Society of Anaesthesiologists)<\/li><li class=\"li7\">Arbeitsgruppe zur Erstellung des \u201eNationales longitudinales Mustercurriculum Kommunikation in der Medizin\u201c<\/li><li class=\"li7\">International Association of Risk in Medicine (IARMM)<\/li><li class=\"li7\">Co-Organisator des 2nd World Congress of Clinical Safety in Heidelberg 2013<\/li><li class=\"li7\">CIRS (Critical Incident Reporting System) Beauftragter<\/li><li class=\"li7\">Aufbau der Helios Simulationszentren als \u00c4rztlicher Koordinator Simulationstraining bis 9\/2018<\/li><\/ul><p class=\"p2\"><strong>Dr Mark Weinert is autor and co-autor of the books<\/strong><\/p><ul class=\"ul1\"><li>Der 1-Minuten-Arzt: Das Praxisbuch f\u00fcr Menschen im Gesundheitswesen. F\u00fcr weniger Sand und mehr \u00d6l im Getriebe. Why Not Publishing 2023<\/li><li>Doc Why Not: Der Arzt, dem die Kiwis vertrauen, Conbook 2019, von Mark Weinert<\/li><li class=\"li9\">Crashkurs An\u00e4sthesie, Elsevier 2007, von Mark Weinert<\/li><li class=\"ul1\">Verantwortlich Denken und Handeln in komplexen Umwelten: Hintergr\u00fcnde, Herausforderungen und Gestaltungsm\u00f6glichkeiten. Monika Eigenstetter (Herausgeber), Silke Darlington (Herausgeber), Fiona Klingels (Herausgeber) 2018, Verlag f\u00fcr Polizeiwissenschaft<\/li><li class=\"li9\">Honorararzt \u2013 Flexibilit\u00e4t und Freiberuflichkeit, Springer, 2010, von Nicolai<\/li><li class=\"li7\">Establishing a Culture of Patient Safety, Improving Communication, Building Relationships, and Using Quality Tools, ASQ, 2011, von Judith Ann Pauley and Joseph F. Pauley<\/li><\/ul><p><strong>Kontakt<\/strong><\/p><p>Do you want to get in contact?<br \/>Phone: 089 23928997<br \/>Mobil: 0173 4017228<br \/><a title=\"Email an Dr. Mark Weinert\" href=\"http:\/\/www.drweinert.com\/english\/kontakt\/\" target=\"_blank\" rel=\"noopener\">Contact formular<\/a><\/p>\t\t\t\t\t\t\t\t<\/div>\n\t\t\t\t<\/div>\n\t\t\t\t\t<\/div>\n\t\t<\/div>\n\t\t\t\t\t<\/div>\n\t\t<\/section>\n\t\t\t\t<\/div>\n\t\t","protected":false},"excerpt":{"rendered":"<p>Dr. Mark Weinert, D.E.S.A. \u2013 Dr. Weinert Communications Dr Mark Weinert \u2013 Process Communication Model\u00ae trainer \u201cTraining leaders and Teams for optimal performance is my mission!\u201c \u201eComing from a background as a consultant of Anaesthesia, and my interest in patient safety, I made a fellowship in New Zealand for medical simulation.\u00a0 This is where I [&hellip;]<\/p>\n","protected":false},"author":5,"featured_media":0,"parent":456,"menu_order":0,"comment_status":"closed","ping_status":"closed","template":"","meta":{"content-type":"","site-sidebar-layout":"no-sidebar","site-content-layout":"page-builder","ast-site-content-layout":"default","site-content-style":"default","site-sidebar-style":"default","ast-global-header-display":"","ast-banner-title-visibility":"","ast-main-header-display":"","ast-hfb-above-header-display":"","ast-hfb-below-header-display":"","ast-hfb-mobile-header-display":"","site-post-title":"disabled","ast-breadcrumbs-content":"","ast-featured-img":"disabled","footer-sml-layout":"","ast-disable-related-posts":"","theme-transparent-header-meta":"default","adv-header-id-meta":"","stick-header-meta":"","header-above-stick-meta":"","header-main-stick-meta":"","header-below-stick-meta":"","astra-migrate-meta-layouts":"default","ast-page-background-enabled":"default","ast-page-background-meta":{"desktop":{"background-color":"","background-image":"","background-repeat":"repeat","background-position":"center center","background-size":"auto","background-attachment":"scroll","background-type":"","background-media":"","overlay-type":"","overlay-color":"","overlay-opacity":"","overlay-gradient":""},"tablet":{"background-color":"","background-image":"","background-repeat":"repeat","background-position":"center center","background-size":"auto","background-attachment":"scroll","background-type":"","background-media":"","overlay-type":"","overlay-color":"","overlay-opacity":"","overlay-gradient":""},"mobile":{"background-color":"","background-image":"","background-repeat":"repeat","background-position":"center center","background-size":"auto","background-attachment":"scroll","background-type":"","background-media":"","overlay-type":"","overlay-color":"","overlay-opacity":"","overlay-gradient":""}},"ast-content-background-meta":{"desktop":{"background-color":"var(--ast-global-color-5)","background-image":"","background-repeat":"repeat","background-position":"center center","background-size":"auto","background-attachment":"scroll","background-type":"","background-media":"","overlay-type":"","overlay-color":"","overlay-opacity":"","overlay-gradient":""},"tablet":{"background-color":"var(--ast-global-color-5)","background-image":"","background-repeat":"repeat","background-position":"center center","background-size":"auto","background-attachment":"scroll","background-type":"","background-media":"","overlay-type":"","overlay-color":"","overlay-opacity":"","overlay-gradient":""},"mobile":{"background-color":"var(--ast-global-color-5)","background-image":"","background-repeat":"repeat","background-position":"center center","background-size":"auto","background-attachment":"scroll","background-type":"","background-media":"","overlay-type":"","overlay-color":"","overlay-opacity":"","overlay-gradient":""}},"footnotes":""},"class_list":["post-468","page","type-page","status-publish","hentry"],"_links":{"self":[{"href":"https:\/\/www.drweinert.com\/english\/wp-json\/wp\/v2\/pages\/468","targetHints":{"allow":["GET"]}}],"collection":[{"href":"https:\/\/www.drweinert.com\/english\/wp-json\/wp\/v2\/pages"}],"about":[{"href":"https:\/\/www.drweinert.com\/english\/wp-json\/wp\/v2\/types\/page"}],"author":[{"embeddable":true,"href":"https:\/\/www.drweinert.com\/english\/wp-json\/wp\/v2\/users\/5"}],"replies":[{"embeddable":true,"href":"https:\/\/www.drweinert.com\/english\/wp-json\/wp\/v2\/comments?post=468"}],"version-history":[{"count":19,"href":"https:\/\/www.drweinert.com\/english\/wp-json\/wp\/v2\/pages\/468\/revisions"}],"predecessor-version":[{"id":1318,"href":"https:\/\/www.drweinert.com\/english\/wp-json\/wp\/v2\/pages\/468\/revisions\/1318"}],"up":[{"embeddable":true,"href":"https:\/\/www.drweinert.com\/english\/wp-json\/wp\/v2\/pages\/456"}],"wp:attachment":[{"href":"https:\/\/www.drweinert.com\/english\/wp-json\/wp\/v2\/media?parent=468"}],"curies":[{"name":"wp","href":"https:\/\/api.w.org\/{rel}","templated":true}]}}