{"id":464,"date":"2019-02-28T09:32:49","date_gmt":"2019-02-28T08:32:49","guid":{"rendered":"http:\/\/www.drweinert.com\/english\/?page_id=464"},"modified":"2019-07-03T14:44:54","modified_gmt":"2019-07-03T12:44:54","slug":"vison","status":"publish","type":"page","link":"https:\/\/www.drweinert.com\/english\/ueber-uns\/vison\/","title":{"rendered":"Vison"},"content":{"rendered":"\t\t<div data-elementor-type=\"wp-post\" data-elementor-id=\"464\" class=\"elementor elementor-464\" data-elementor-post-type=\"page\">\n\t\t\t\t\t\t<section class=\"has_eae_slider elementor-section elementor-top-section elementor-element elementor-element-0849736 elementor-section-boxed elementor-section-height-default elementor-section-height-default\" data-eae-slider=\"98518\" data-id=\"0849736\" data-element_type=\"section\" data-e-type=\"section\">\n\t\t\t\t\t\t<div class=\"elementor-container elementor-column-gap-default\">\n\t\t\t\t\t<div class=\"has_eae_slider elementor-column elementor-col-100 elementor-top-column elementor-element elementor-element-cc9f9d3\" data-eae-slider=\"36243\" data-id=\"cc9f9d3\" data-element_type=\"column\" data-e-type=\"column\">\n\t\t\t<div class=\"elementor-widget-wrap elementor-element-populated\">\n\t\t\t\t\t\t<div class=\"elementor-element elementor-element-6cf8b86 elementor-widget elementor-widget-heading\" data-id=\"6cf8b86\" data-element_type=\"widget\" data-e-type=\"widget\" data-widget_type=\"heading.default\">\n\t\t\t\t<div class=\"elementor-widget-container\">\n\t\t\t\t\t<h2 class=\"elementor-heading-title elementor-size-default\">Our Vision \u2013 Dr Weinert Communications<\/h2>\t\t\t\t<\/div>\n\t\t\t\t<\/div>\n\t\t\t\t<section class=\"has_eae_slider elementor-section elementor-inner-section elementor-element elementor-element-67d56ec elementor-section-boxed elementor-section-height-default elementor-section-height-default\" data-eae-slider=\"10869\" data-id=\"67d56ec\" data-element_type=\"section\" data-e-type=\"section\">\n\t\t\t\t\t\t<div class=\"elementor-container elementor-column-gap-default\">\n\t\t\t\t\t<div class=\"has_eae_slider elementor-column elementor-col-50 elementor-inner-column elementor-element elementor-element-c2829c7\" data-eae-slider=\"76807\" data-id=\"c2829c7\" data-element_type=\"column\" data-e-type=\"column\">\n\t\t\t<div class=\"elementor-widget-wrap elementor-element-populated\">\n\t\t\t\t\t\t<div class=\"elementor-element elementor-element-ee39aa3 elementor-widget elementor-widget-image\" data-id=\"ee39aa3\" data-element_type=\"widget\" data-e-type=\"widget\" data-widget_type=\"image.default\">\n\t\t\t\t<div class=\"elementor-widget-container\">\n\t\t\t\t\t\t\t\t\t\t\t\t\t\t\t<img fetchpriority=\"high\" decoding=\"async\" width=\"1024\" height=\"696\" src=\"https:\/\/www.drweinert.com\/inhalt\/uploads\/sites\/5\/2019\/03\/Weinert_54_Aweb-1-1024x696.jpg\" class=\"attachment-large size-large wp-image-739\" alt=\"\" srcset=\"https:\/\/www.drweinert.com\/inhalt\/uploads\/sites\/5\/2019\/03\/Weinert_54_Aweb-1-1024x696.jpg 1024w, https:\/\/www.drweinert.com\/inhalt\/uploads\/sites\/5\/2019\/03\/Weinert_54_Aweb-1-300x204.jpg 300w, https:\/\/www.drweinert.com\/inhalt\/uploads\/sites\/5\/2019\/03\/Weinert_54_Aweb-1-768x522.jpg 768w, https:\/\/www.drweinert.com\/inhalt\/uploads\/sites\/5\/2019\/03\/Weinert_54_Aweb-1.jpg 1120w\" sizes=\"(max-width: 1024px) 100vw, 1024px\" \/>\t\t\t\t\t\t\t\t\t\t\t\t\t\t\t<\/div>\n\t\t\t\t<\/div>\n\t\t\t\t\t<\/div>\n\t\t<\/div>\n\t\t\t\t<div class=\"has_eae_slider elementor-column elementor-col-50 elementor-inner-column elementor-element elementor-element-1d7baeb\" data-eae-slider=\"50536\" data-id=\"1d7baeb\" data-element_type=\"column\" data-e-type=\"column\">\n\t\t\t<div class=\"elementor-widget-wrap\">\n\t\t\t\t\t\t\t<\/div>\n\t\t<\/div>\n\t\t\t\t\t<\/div>\n\t\t<\/section>\n\t\t\t\t<div class=\"elementor-element elementor-element-99eec68 elementor-widget elementor-widget-text-editor\" data-id=\"99eec68\" data-element_type=\"widget\" data-e-type=\"widget\" data-widget_type=\"text-editor.default\">\n\t\t\t\t<div class=\"elementor-widget-container\">\n\t\t\t\t\t\t\t\t\t<h3 class=\"p1\">Dr Weinert Communications \u2013 Process Communication Model<b>\u00ae<\/b><\/h3><h3><span>Our vision<\/span><\/h3><ul><li><span>Touch the lives of people, especially in stressful moments<\/span><\/li><li><span>Connecting people and their potential<\/span><\/li><li><span>Help everyone achieve greater success through effective communication<\/span><\/li><li><span>To offer assistance for burnout prevention<\/span><\/li><li><span>We attach particular importance to successful patient communication, patient satisfaction and patient safety<\/span><\/li><\/ul><p><b><span>Our goal<\/span><\/b><\/p><ul><li><span>Your dialogue is productive thanks to successful and authentic communication<\/span><\/li><li><span>You know how to keep yourself in the green and how to help other people stay there<\/span><\/li><li><span>They can help themselves and others better out of the stress trap<\/span><\/li><\/ul><p><b><span>Your result with the Process Communication Model\u00ae<\/span><\/b><\/p><ul><li><span>Growing success and new energies in professional and private life<\/span><\/li><li><span>Expansion of your leadership skills<\/span><\/li><li><span>Increase your communication skills<\/span><\/li><li><span>Successfully building contacts and relationships with others<\/span><\/li><li><span>Sustainable motivation and enthusiasm of others<\/span><\/li><li><span>Constructive conflict resolution<\/span><\/li><li><span>Understanding of one&#8217;s own personality<\/span><\/li><li><span>Conscious handling of strengths and weaknesses, communication and leadership styles, psychological needs and behavioural patterns and behaviour under negative stress<\/span><\/li><\/ul><p><strong><span>Process Communication Model\u00ae &#8211; from New Zealand to Germany<\/span><\/strong><\/p><p><span>Even before our move to the most relaxed country in the world, New Zealand, we recognized and discussed the parallels in the &#8220;High-Risk Industries&#8221; of medicine and aviation.<\/span><\/p><p><span>We noticed that communication training in medicine is only at the beginning of development in Germany, whereas in aviation it has long been standard practice.<\/span><\/p><p><span>We found the solution in New Zealand.\u00a0Independently of each other, we were able to get to know the\u00a0<\/span><a title=\"Process Communication Model\" href=\"https:\/\/www.drweinert.com\/process-communication-model\/\"><span>Process Communication Model\u00ae<\/span><\/a><span> \u00a0(PCM) in our aerospace and medical professions.<\/span><span>\u00a0Since we both were convinced by this communication training, we trained as certified trainers in Process Communication Model (PCM\u00ae) and offered the following three years training in the medical field in New Zealand.<\/span><\/p><p><span>Since 2010 we are back in our home country Germany and have been conducting\u00a0<\/span><a title=\"Process Communication Model Seminar\" href=\"https:\/\/www.drweinert.com\/die-offenen-seminare\/\"><span>Process Communication Model Trainings,<\/span><\/a><span> both as open seminars and in-house training. Especially the training in the medical field shows that the Process Communication Model<b>\u00ae<\/b> absolutely increases the ability to communicate within a team, especially in stressful situations, and thus conflicts can be avoided or resolved faster.<\/span><\/p><p><span>Design Thinking is one of our frequently used methods that help you, as a leader, to break new ground. In role-finding processes as well as for customer orientation or team workshops.\u00a0We always orient ourselves to your needs and goals in order to change sustainably.<\/span><\/p><p><span>Our seminars are aimed primarily at executives, managers in occupational health management, the doctor, the practice and clinic team and the educators.\u00a0Our speciality is communication in medicine &#8211; as a leader, as a team member and in dialogue with the patient and his relatives.<\/span><\/p><h3>Our Vision<\/h3><h3 class=\"p1\">\u00a0<\/h3><ul class=\"ul1\"><li class=\"li1\">To touch the lives of people, especially in stressful moments<\/li><li>To help everyone with more success through effective communication<\/li><li class=\"li1\">Helping with Burn-Out prevention<\/li><li class=\"li1\">Especially we are committed to successful patient communication, patient satisfaction and patient safety<\/li><\/ul><p class=\"p2\"><b>Our Goal<\/b><\/p><ul class=\"ul1\"><li>Your dialog is productive and successful because of authentic communication<\/li><li class=\"li2\">You know how to stay in the green zone, and know-how to help others to stay there as well<\/li><li class=\"li2\">You can help yourself and others out of the stress trap<\/li><\/ul><p class=\"p1\"><b>Your success with the Process Communication Model\u00ae <\/b><\/p><ul class=\"ul1\"><li class=\"li4\">Increasing success and new energy in private and business relationships<\/li><li class=\"li4\">Expansion of your leadership competencies<\/li><li class=\"li4\">Increase your communication skills<\/li><li class=\"li5\">Successful building contacts and relationships<\/li><li class=\"li5\">Sustained motivation and enthusiasm of others<\/li><li class=\"li5\">Constructive conflict resolution<\/li><li class=\"li5\">Understanding of your own personality<\/li><li class=\"li5\">Conscious using your strength and weaknesses, communications styles, leadership styles, psychological needs and behavioural under stress.<\/li><\/ul><p><strong>Process Communication Model<b>\u00ae<\/b> \u2013 von Neuseeland nach Deutschland<\/strong><\/p><p>Schon vor unserem\u00a0 Umzug in das gelassenste Land der Welt, Neuseeland, haben wir die Parallelen in den \u201eHigh Risk Industries\u201d Medizin und Luftfahrt erkannt und diskutiert.<\/p><p>Uns fiel auf, dass in Deutschland Kommunikationstrainings in der Medizin erst am Anfang der Entwicklung stehen, w\u00e4hrend diese in der Luftfahrt schon lange zum Standard z\u00e4hlen.<\/p><p>In Neuseeland haben wir die L\u00f6sung gefunden. Unabh\u00e4ngig voneinander durften wir in unseren Berufen in der Luftfahrt und in der Medizin das <a title=\"Process Communication Model\" href=\"http:\/\/www.drweinert.com\/english\/process-communication-model\/\">Process Communication Model<b>\u00ae<\/b><\/a> (PCM) kennen lernen. Da uns beide dieses Kommunikationstraining \u00fcberzeugte, haben wir uns zu zertifizierten Trainern in Process Communication Model (PCM) ausbilden lassen und in Neuseeland die folgenden drei Jahren Trainings im medizinischen Bereich angeboten.<\/p><p>Seit 2010 sind wir wieder zur\u00fcck in unserer Heimat Deutschland und f\u00fchren seitdem <a title=\"Process Communication Model Seminar\" href=\"http:\/\/www.drweinert.com\/english\/die-offenen-seminare\/\">Process Communication Model Trainings<\/a>, sowohl als offene Seminare als auch als Inhouse Trainings, durch. Gerade die Trainings im medizinischen Bereich zeigen, dass das Process Communication Model die Kommunikationsf\u00e4higkeit innerhalb eines Teams,\u00a0 vor allem in Stresssituationen, absolut steigert und somit Konflikte vermieden oder schneller gel\u00f6st werden k\u00f6nnen.<\/p><p>Unsere Seminare richten sich vorwiegend an F\u00fchrungskr\u00e4fte, Verantwortliche im Betrieblichen Gesundheitsmanagement, den Arzt, das Praxis- und Klinikteam und an den P\u00e4dagogen. Unser Spezialgebiet ist die Kommunikation in der Medizin \u2013 als F\u00fchrungskraft, als Teammitglied und im Dialog mit dem Patienten und dessen Angeh\u00f6rigen.<\/p>\t\t\t\t\t\t\t\t<\/div>\n\t\t\t\t<\/div>\n\t\t\t\t\t<\/div>\n\t\t<\/div>\n\t\t\t\t\t<\/div>\n\t\t<\/section>\n\t\t\t\t<\/div>\n\t\t","protected":false},"excerpt":{"rendered":"<p>Our Vision \u2013 Dr Weinert Communications Dr Weinert Communications \u2013 Process Communication Model\u00ae Our vision Touch the lives of people, especially in stressful moments Connecting people and their potential Help everyone achieve greater success through effective communication To offer assistance for burnout prevention We attach particular importance to successful patient communication, patient satisfaction and patient [&hellip;]<\/p>\n","protected":false},"author":5,"featured_media":0,"parent":456,"menu_order":0,"comment_status":"closed","ping_status":"closed","template":"","meta":{"content-type":"","site-sidebar-layout":"no-sidebar","site-content-layout":"page-builder","ast-site-content-layout":"default","site-content-style":"default","site-sidebar-style":"default","ast-global-header-display":"","ast-banner-title-visibility":"","ast-main-header-display":"","ast-hfb-above-header-display":"","ast-hfb-below-header-display":"","ast-hfb-mobile-header-display":"","site-post-title":"disabled","ast-breadcrumbs-content":"","ast-featured-img":"disabled","footer-sml-layout":"","ast-disable-related-posts":"","theme-transparent-header-meta":"default","adv-header-id-meta":"","stick-header-meta":"","header-above-stick-meta":"","header-main-stick-meta":"","header-below-stick-meta":"","astra-migrate-meta-layouts":"default","ast-page-background-enabled":"default","ast-page-background-meta":{"desktop":{"background-color":"","background-image":"","background-repeat":"repeat","background-position":"center center","background-size":"auto","background-attachment":"scroll","background-type":"","background-media":"","overlay-type":"","overlay-color":"","overlay-opacity":"","overlay-gradient":""},"tablet":{"background-color":"","background-image":"","background-repeat":"repeat","background-position":"center center","background-size":"auto","background-attachment":"scroll","background-type":"","background-media":"","overlay-type":"","overlay-color":"","overlay-opacity":"","overlay-gradient":""},"mobile":{"background-color":"","background-image":"","background-repeat":"repeat","background-position":"center center","background-size":"auto","background-attachment":"scroll","background-type":"","background-media":"","overlay-type":"","overlay-color":"","overlay-opacity":"","overlay-gradient":""}},"ast-content-background-meta":{"desktop":{"background-color":"var(--ast-global-color-5)","background-image":"","background-repeat":"repeat","background-position":"center center","background-size":"auto","background-attachment":"scroll","background-type":"","background-media":"","overlay-type":"","overlay-color":"","overlay-opacity":"","overlay-gradient":""},"tablet":{"background-color":"var(--ast-global-color-5)","background-image":"","background-repeat":"repeat","background-position":"center center","background-size":"auto","background-attachment":"scroll","background-type":"","background-media":"","overlay-type":"","overlay-color":"","overlay-opacity":"","overlay-gradient":""},"mobile":{"background-color":"var(--ast-global-color-5)","background-image":"","background-repeat":"repeat","background-position":"center center","background-size":"auto","background-attachment":"scroll","background-type":"","background-media":"","overlay-type":"","overlay-color":"","overlay-opacity":"","overlay-gradient":""}},"footnotes":""},"class_list":["post-464","page","type-page","status-publish","hentry"],"_links":{"self":[{"href":"https:\/\/www.drweinert.com\/english\/wp-json\/wp\/v2\/pages\/464","targetHints":{"allow":["GET"]}}],"collection":[{"href":"https:\/\/www.drweinert.com\/english\/wp-json\/wp\/v2\/pages"}],"about":[{"href":"https:\/\/www.drweinert.com\/english\/wp-json\/wp\/v2\/types\/page"}],"author":[{"embeddable":true,"href":"https:\/\/www.drweinert.com\/english\/wp-json\/wp\/v2\/users\/5"}],"replies":[{"embeddable":true,"href":"https:\/\/www.drweinert.com\/english\/wp-json\/wp\/v2\/comments?post=464"}],"version-history":[{"count":13,"href":"https:\/\/www.drweinert.com\/english\/wp-json\/wp\/v2\/pages\/464\/revisions"}],"predecessor-version":[{"id":1111,"href":"https:\/\/www.drweinert.com\/english\/wp-json\/wp\/v2\/pages\/464\/revisions\/1111"}],"up":[{"embeddable":true,"href":"https:\/\/www.drweinert.com\/english\/wp-json\/wp\/v2\/pages\/456"}],"wp:attachment":[{"href":"https:\/\/www.drweinert.com\/english\/wp-json\/wp\/v2\/media?parent=464"}],"curies":[{"name":"wp","href":"https:\/\/api.w.org\/{rel}","templated":true}]}}